{"id":5,"date":"2014-06-22T21:49:33","date_gmt":"2014-06-22T20:49:33","guid":{"rendered":"http:\/\/cukrarnakostomlaty.cz\/?page_id=5"},"modified":"2026-04-15T05:56:50","modified_gmt":"2026-04-15T04:56:50","slug":"provozni-doba","status":"publish","type":"page","link":"https:\/\/cukrarnakostomlaty.cz\/?page_id=5","title":{"rendered":"Provozn\u00ed doba"},"content":{"rendered":"<h1 style=\"text-align: center;\"><\/h1>\n<hr \/>\n<h2 style=\"text-align: center;\"><span style=\"text-decoration: underline;\"><span style=\"color: #800080; text-decoration: underline;\">Provozn\u00ed doba platn\u00e1 od 5.2.2026<\/span><\/span><\/h2>\n<h3 style=\"text-align: center;\"><span style=\"color: #ff0000;\">Pond\u011bl\u00ed &#8211; ZAV\u0158ENO<\/span><\/h3>\n<h3 style=\"text-align: center;\"><span style=\"color: #ff0000;\">\u00dater\u00fd &#8211; ZAV\u0158ENO<\/span><\/h3>\n<h3 style=\"text-align: center;\"><span style=\"color: #800080;\">St\u0159eda &#8211; 10:30 a\u017e 17:00<\/span><\/h3>\n<h3 style=\"text-align: center;\"><span style=\"color: #800080;\">\u010ctvrtek &#8211; 10:30 a\u017e 17:00<\/span><\/h3>\n<h3 style=\"text-align: center;\"><span style=\"color: #800080;\">P\u00e1tek &#8211; 10:30 a\u017e 17:00<\/span><\/h3>\n<h3 style=\"text-align: center;\"><span style=\"color: #800080;\">Sobota &#8211; \u00a010:30 a\u017e 17:00<\/span><\/h3>\n<h3 style=\"text-align: center;\"><span style=\"color: #800080;\">Ned\u011ble &#8211; 10:30 a\u017e 17:00<\/span><\/h3>\n<hr \/>\n<h3 style=\"text-align: center;\"><span style=\"color: #800080;\"><strong>Kontakt: e-mail: info@cukrarnakostomlaty.cz<\/strong><\/span><br \/>\n<span style=\"color: #800080;\"> <strong> tel: +420 606 346 592<\/strong><\/span><\/h3>\n","protected":false},"excerpt":{"rendered":"<p>Provozn\u00ed doba platn\u00e1 od 5.2.2026 Pond\u011bl\u00ed &#8211; ZAV\u0158ENO \u00dater\u00fd &#8211; ZAV\u0158ENO St\u0159eda &#8211; 10:30 a\u017e 17:00 \u010ctvrtek &#8211; 10:30 a\u017e 17:00 P\u00e1tek &#8211; 10:30 a\u017e 17:00 Sobota &#8211; \u00a010:30 a\u017e 17:00 Ned\u011ble &#8211; 10:30 a\u017e 17:00 Kontakt: e-mail: info@cukrarnakostomlaty.cz tel: +420 606 346 592<\/p>\n","protected":false},"author":1,"featured_media":0,"parent":0,"menu_order":0,"comment_status":"closed","ping_status":"open","template":"","meta":[],"_links":{"self":[{"href":"https:\/\/cukrarnakostomlaty.cz\/index.php?rest_route=\/wp\/v2\/pages\/5"}],"collection":[{"href":"https:\/\/cukrarnakostomlaty.cz\/index.php?rest_route=\/wp\/v2\/pages"}],"about":[{"href":"https:\/\/cukrarnakostomlaty.cz\/index.php?rest_route=\/wp\/v2\/types\/page"}],"author":[{"embeddable":true,"href":"https:\/\/cukrarnakostomlaty.cz\/index.php?rest_route=\/wp\/v2\/users\/1"}],"replies":[{"embeddable":true,"href":"https:\/\/cukrarnakostomlaty.cz\/index.php?rest_route=%2Fwp%2Fv2%2Fcomments&post=5"}],"version-history":[{"count":130,"href":"https:\/\/cukrarnakostomlaty.cz\/index.php?rest_route=\/wp\/v2\/pages\/5\/revisions"}],"predecessor-version":[{"id":1853,"href":"https:\/\/cukrarnakostomlaty.cz\/index.php?rest_route=\/wp\/v2\/pages\/5\/revisions\/1853"}],"wp:attachment":[{"href":"https:\/\/cukrarnakostomlaty.cz\/index.php?rest_route=%2Fwp%2Fv2%2Fmedia&parent=5"}],"curies":[{"name":"wp","href":"https:\/\/api.w.org\/{rel}","templated":true}]}}