{"id":48,"date":"2014-06-23T21:30:30","date_gmt":"2014-06-23T20:30:30","guid":{"rendered":"http:\/\/cukrarnakostomlaty.cz\/?page_id=48"},"modified":"2021-12-17T07:39:34","modified_gmt":"2021-12-17T06:39:34","slug":"zakusky","status":"publish","type":"page","link":"https:\/\/cukrarnakostomlaty.cz\/?page_id=48","title":{"rendered":"M\u00edchan\u00e9 n\u00e1poje"},"content":{"rendered":"<p>\u00a0<\/p>\n<p>\u00a0<\/p>\n<div id=\"attachment_596\" style=\"width: 234px\" class=\"wp-caption aligncenter\"><a href=\"http:\/\/cukrarnakostomlaty.cz\/wp-content\/uploads\/2015\/02\/P5112363.jpg\"><img aria-describedby=\"caption-attachment-596\" loading=\"lazy\" class=\"wp-image-596 size-medium colorbox-48\" src=\"http:\/\/cukrarnakostomlaty.cz\/wp-content\/uploads\/2015\/02\/P5112363-224x300.jpg\" alt=\"OLYMPUS DIGITAL CAMERA\" width=\"224\" height=\"300\" srcset=\"https:\/\/cukrarnakostomlaty.cz\/wp-content\/uploads\/2015\/02\/P5112363-224x300.jpg 224w, https:\/\/cukrarnakostomlaty.cz\/wp-content\/uploads\/2015\/02\/P5112363-767x1024.jpg 767w, https:\/\/cukrarnakostomlaty.cz\/wp-content\/uploads\/2015\/02\/P5112363.jpg 797w\" sizes=\"(max-width: 224px) 100vw, 224px\" \/><\/a><p id=\"caption-attachment-596\" class=\"wp-caption-text\">Ml\u00e9\u010dn\u00e9 karamelov\u00e9 FRAPP\u00c9<\/p><\/div>\n<p>\u00a0<\/p>\n<div id=\"attachment_275\" style=\"width: 235px\" class=\"wp-caption aligncenter\"><a href=\"http:\/\/cukrarnakostomlaty.cz\/wp-content\/uploads\/2014\/06\/mini-P7191677.jpg\"><img aria-describedby=\"caption-attachment-275\" loading=\"lazy\" class=\"size-medium wp-image-275 colorbox-48\" src=\"http:\/\/cukrarnakostomlaty.cz\/wp-content\/uploads\/2014\/06\/mini-P7191677-225x300.jpg\" alt=\"Mochito\" width=\"225\" height=\"300\" srcset=\"https:\/\/cukrarnakostomlaty.cz\/wp-content\/uploads\/2014\/06\/mini-P7191677-225x300.jpg 225w, https:\/\/cukrarnakostomlaty.cz\/wp-content\/uploads\/2014\/06\/mini-P7191677-768x1024.jpg 768w, https:\/\/cukrarnakostomlaty.cz\/wp-content\/uploads\/2014\/06\/mini-P7191677.jpg 900w\" sizes=\"(max-width: 225px) 100vw, 225px\" \/><\/a><p id=\"caption-attachment-275\" class=\"wp-caption-text\">Mochito<\/p><\/div>\n<div id=\"attachment_276\" style=\"width: 235px\" class=\"wp-caption aligncenter\"><a href=\"http:\/\/cukrarnakostomlaty.cz\/wp-content\/uploads\/2014\/06\/mini-P7201678.jpg\"><img aria-describedby=\"caption-attachment-276\" loading=\"lazy\" class=\"size-medium wp-image-276 colorbox-48\" src=\"http:\/\/cukrarnakostomlaty.cz\/wp-content\/uploads\/2014\/06\/mini-P7201678-225x300.jpg\" alt=\"Ledov\u00e1 K\u00e1va\" width=\"225\" height=\"300\" srcset=\"https:\/\/cukrarnakostomlaty.cz\/wp-content\/uploads\/2014\/06\/mini-P7201678-225x300.jpg 225w, https:\/\/cukrarnakostomlaty.cz\/wp-content\/uploads\/2014\/06\/mini-P7201678-768x1024.jpg 768w, https:\/\/cukrarnakostomlaty.cz\/wp-content\/uploads\/2014\/06\/mini-P7201678.jpg 900w\" sizes=\"(max-width: 225px) 100vw, 225px\" \/><\/a><p id=\"caption-attachment-276\" class=\"wp-caption-text\">Ledov\u00e1 K\u00e1va<\/p><\/div>\n<p>\u00a0<\/p>\n<div id=\"attachment_274\" style=\"width: 235px\" class=\"wp-caption aligncenter\"><a href=\"http:\/\/cukrarnakostomlaty.cz\/wp-content\/uploads\/2014\/06\/mini-P7181669.jpg\"><img aria-describedby=\"caption-attachment-274\" loading=\"lazy\" class=\"size-medium wp-image-274 colorbox-48\" src=\"http:\/\/cukrarnakostomlaty.cz\/wp-content\/uploads\/2014\/06\/mini-P7181669-225x300.jpg\" alt=\"Jahodov\u00fd koktejl\" width=\"225\" height=\"300\" srcset=\"https:\/\/cukrarnakostomlaty.cz\/wp-content\/uploads\/2014\/06\/mini-P7181669-225x300.jpg 225w, https:\/\/cukrarnakostomlaty.cz\/wp-content\/uploads\/2014\/06\/mini-P7181669-768x1024.jpg 768w, https:\/\/cukrarnakostomlaty.cz\/wp-content\/uploads\/2014\/06\/mini-P7181669.jpg 900w\" sizes=\"(max-width: 225px) 100vw, 225px\" \/><\/a><p id=\"caption-attachment-274\" class=\"wp-caption-text\">Jahodov\u00fd koktejl<\/p><\/div>\n<p><a href=\"http:\/\/cukrarnakostomlaty.cz\/wp-content\/uploads\/2015\/02\/P5112363.jpg\">\u00a0<\/a><\/p>\n\n\n<figure class=\"wp-block-image size-large\"><img loading=\"lazy\" width=\"750\" height=\"1000\" src=\"http:\/\/cukrarnakostomlaty.cz\/wp-content\/uploads\/2021\/07\/Obr_20210704_114730-1.jpg\" alt=\"\" class=\"wp-image-1302 colorbox-48\" srcset=\"https:\/\/cukrarnakostomlaty.cz\/wp-content\/uploads\/2021\/07\/Obr_20210704_114730-1.jpg 750w, https:\/\/cukrarnakostomlaty.cz\/wp-content\/uploads\/2021\/07\/Obr_20210704_114730-1-225x300.jpg 225w\" sizes=\"(max-width: 750px) 100vw, 750px\" \/><figcaption>Spritz<\/figcaption><\/figure>\n","protected":false},"excerpt":{"rendered":"<p>\u00a0 \u00a0 \u00a0 \u00a0 \u00a0<\/p>\n","protected":false},"author":1,"featured_media":0,"parent":0,"menu_order":0,"comment_status":"closed","ping_status":"open","template":"","meta":[],"_links":{"self":[{"href":"https:\/\/cukrarnakostomlaty.cz\/index.php?rest_route=\/wp\/v2\/pages\/48"}],"collection":[{"href":"https:\/\/cukrarnakostomlaty.cz\/index.php?rest_route=\/wp\/v2\/pages"}],"about":[{"href":"https:\/\/cukrarnakostomlaty.cz\/index.php?rest_route=\/wp\/v2\/types\/page"}],"author":[{"embeddable":true,"href":"https:\/\/cukrarnakostomlaty.cz\/index.php?rest_route=\/wp\/v2\/users\/1"}],"replies":[{"embeddable":true,"href":"https:\/\/cukrarnakostomlaty.cz\/index.php?rest_route=%2Fwp%2Fv2%2Fcomments&post=48"}],"version-history":[{"count":6,"href":"https:\/\/cukrarnakostomlaty.cz\/index.php?rest_route=\/wp\/v2\/pages\/48\/revisions"}],"predecessor-version":[{"id":1313,"href":"https:\/\/cukrarnakostomlaty.cz\/index.php?rest_route=\/wp\/v2\/pages\/48\/revisions\/1313"}],"wp:attachment":[{"href":"https:\/\/cukrarnakostomlaty.cz\/index.php?rest_route=%2Fwp%2Fv2%2Fmedia&parent=48"}],"curies":[{"name":"wp","href":"https:\/\/api.w.org\/{rel}","templated":true}]}}