{"id":32,"date":"2014-06-23T21:28:04","date_gmt":"2014-06-23T20:28:04","guid":{"rendered":"http:\/\/cukrarnakostomlaty.cz\/?page_id=32"},"modified":"2024-01-27T12:20:50","modified_gmt":"2024-01-27T11:20:50","slug":"kolace","status":"publish","type":"page","link":"https:\/\/cukrarnakostomlaty.cz\/?page_id=32","title":{"rendered":"Kynut\u00e9"},"content":{"rendered":"\n<p><\/p>\n\n\n\n<figure class=\"wp-block-gallery columns-3 is-cropped\"><ul class=\"blocks-gallery-grid\"><li class=\"blocks-gallery-item\"><figure><a href=\"https:\/\/cukrarnakostomlaty.cz\/wp-content\/uploads\/2024\/01\/20231123_195845.jpg\"><img loading=\"lazy\" width=\"750\" height=\"1000\" src=\"https:\/\/cukrarnakostomlaty.cz\/wp-content\/uploads\/2024\/01\/20231123_195845.jpg\" alt=\"\" data-id=\"1672\" data-full-url=\"https:\/\/cukrarnakostomlaty.cz\/wp-content\/uploads\/2024\/01\/20231123_195845.jpg\" data-link=\"https:\/\/cukrarnakostomlaty.cz\/?attachment_id=1672\" class=\"wp-image-1672 colorbox-32\" srcset=\"https:\/\/cukrarnakostomlaty.cz\/wp-content\/uploads\/2024\/01\/20231123_195845.jpg 750w, https:\/\/cukrarnakostomlaty.cz\/wp-content\/uploads\/2024\/01\/20231123_195845-225x300.jpg 225w\" sizes=\"(max-width: 750px) 100vw, 750px\" \/><\/a><\/figure><\/li><li class=\"blocks-gallery-item\"><figure><a href=\"https:\/\/cukrarnakostomlaty.cz\/wp-content\/uploads\/2024\/01\/20231221_221239.jpg\"><img loading=\"lazy\" width=\"750\" height=\"1000\" src=\"https:\/\/cukrarnakostomlaty.cz\/wp-content\/uploads\/2024\/01\/20231221_221239.jpg\" alt=\"\" data-id=\"1673\" data-full-url=\"https:\/\/cukrarnakostomlaty.cz\/wp-content\/uploads\/2024\/01\/20231221_221239.jpg\" data-link=\"https:\/\/cukrarnakostomlaty.cz\/?attachment_id=1673\" class=\"wp-image-1673 colorbox-32\" srcset=\"https:\/\/cukrarnakostomlaty.cz\/wp-content\/uploads\/2024\/01\/20231221_221239.jpg 750w, https:\/\/cukrarnakostomlaty.cz\/wp-content\/uploads\/2024\/01\/20231221_221239-225x300.jpg 225w\" sizes=\"(max-width: 750px) 100vw, 750px\" \/><\/a><\/figure><\/li><li class=\"blocks-gallery-item\"><figure><a href=\"https:\/\/cukrarnakostomlaty.cz\/wp-content\/uploads\/2024\/01\/20231221_221255.jpg\"><img loading=\"lazy\" width=\"750\" height=\"1000\" src=\"https:\/\/cukrarnakostomlaty.cz\/wp-content\/uploads\/2024\/01\/20231221_221255.jpg\" alt=\"\" data-id=\"1674\" data-full-url=\"https:\/\/cukrarnakostomlaty.cz\/wp-content\/uploads\/2024\/01\/20231221_221255.jpg\" data-link=\"https:\/\/cukrarnakostomlaty.cz\/?attachment_id=1674\" class=\"wp-image-1674 colorbox-32\" srcset=\"https:\/\/cukrarnakostomlaty.cz\/wp-content\/uploads\/2024\/01\/20231221_221255.jpg 750w, https:\/\/cukrarnakostomlaty.cz\/wp-content\/uploads\/2024\/01\/20231221_221255-225x300.jpg 225w\" sizes=\"(max-width: 750px) 100vw, 750px\" \/><\/a><\/figure><\/li><\/ul><\/figure>\n\n\n\n<figure class=\"wp-block-gallery columns-2 is-cropped\"><ul class=\"blocks-gallery-grid\"><li class=\"blocks-gallery-item\"><figure><a href=\"https:\/\/cukrarnakostomlaty.cz\/wp-content\/uploads\/2023\/01\/20221104_111411.jpg\"><img loading=\"lazy\" width=\"1000\" height=\"750\" src=\"https:\/\/cukrarnakostomlaty.cz\/wp-content\/uploads\/2023\/01\/20221104_111411.jpg\" alt=\"\" data-id=\"1568\" data-full-url=\"https:\/\/cukrarnakostomlaty.cz\/wp-content\/uploads\/2023\/01\/20221104_111411.jpg\" data-link=\"https:\/\/cukrarnakostomlaty.cz\/?attachment_id=1568\" class=\"wp-image-1568 colorbox-32\" srcset=\"https:\/\/cukrarnakostomlaty.cz\/wp-content\/uploads\/2023\/01\/20221104_111411.jpg 1000w, https:\/\/cukrarnakostomlaty.cz\/wp-content\/uploads\/2023\/01\/20221104_111411-300x225.jpg 300w, https:\/\/cukrarnakostomlaty.cz\/wp-content\/uploads\/2023\/01\/20221104_111411-768x576.jpg 768w\" sizes=\"(max-width: 1000px) 100vw, 1000px\" \/><\/a><\/figure><\/li><li class=\"blocks-gallery-item\"><figure><a href=\"https:\/\/cukrarnakostomlaty.cz\/wp-content\/uploads\/2023\/01\/20221130_080422.jpg\"><img loading=\"lazy\" width=\"750\" height=\"1000\" src=\"https:\/\/cukrarnakostomlaty.cz\/wp-content\/uploads\/2023\/01\/20221130_080422.jpg\" alt=\"\" data-id=\"1569\" data-full-url=\"https:\/\/cukrarnakostomlaty.cz\/wp-content\/uploads\/2023\/01\/20221130_080422.jpg\" data-link=\"https:\/\/cukrarnakostomlaty.cz\/?attachment_id=1569\" class=\"wp-image-1569 colorbox-32\" srcset=\"https:\/\/cukrarnakostomlaty.cz\/wp-content\/uploads\/2023\/01\/20221130_080422.jpg 750w, https:\/\/cukrarnakostomlaty.cz\/wp-content\/uploads\/2023\/01\/20221130_080422-225x300.jpg 225w\" sizes=\"(max-width: 750px) 100vw, 750px\" \/><\/a><\/figure><\/li><\/ul><\/figure>\n\n\n\n<figure class=\"wp-block-gallery columns-3 is-cropped\"><ul class=\"blocks-gallery-grid\"><li class=\"blocks-gallery-item\"><figure><a href=\"https:\/\/cukrarnakostomlaty.cz\/wp-content\/uploads\/2022\/07\/Obr_20220225_112040.jpg\"><img loading=\"lazy\" width=\"750\" height=\"1000\" src=\"https:\/\/cukrarnakostomlaty.cz\/wp-content\/uploads\/2022\/07\/Obr_20220225_112040.jpg\" alt=\"\" data-id=\"1504\" data-full-url=\"https:\/\/cukrarnakostomlaty.cz\/wp-content\/uploads\/2022\/07\/Obr_20220225_112040.jpg\" data-link=\"https:\/\/cukrarnakostomlaty.cz\/?attachment_id=1504\" class=\"wp-image-1504 colorbox-32\" srcset=\"https:\/\/cukrarnakostomlaty.cz\/wp-content\/uploads\/2022\/07\/Obr_20220225_112040.jpg 750w, https:\/\/cukrarnakostomlaty.cz\/wp-content\/uploads\/2022\/07\/Obr_20220225_112040-225x300.jpg 225w\" sizes=\"(max-width: 750px) 100vw, 750px\" \/><\/a><figcaption class=\"blocks-gallery-item__caption\">Rohl\u00ed\u010dky<\/figcaption><\/figure><\/li><li class=\"blocks-gallery-item\"><figure><a href=\"https:\/\/cukrarnakostomlaty.cz\/wp-content\/uploads\/2022\/07\/Obr_20220417_110008.jpg\"><img loading=\"lazy\" width=\"1000\" height=\"750\" src=\"https:\/\/cukrarnakostomlaty.cz\/wp-content\/uploads\/2022\/07\/Obr_20220417_110008.jpg\" alt=\"\" data-id=\"1505\" data-full-url=\"https:\/\/cukrarnakostomlaty.cz\/wp-content\/uploads\/2022\/07\/Obr_20220417_110008.jpg\" data-link=\"https:\/\/cukrarnakostomlaty.cz\/?attachment_id=1505\" class=\"wp-image-1505 colorbox-32\" srcset=\"https:\/\/cukrarnakostomlaty.cz\/wp-content\/uploads\/2022\/07\/Obr_20220417_110008.jpg 1000w, https:\/\/cukrarnakostomlaty.cz\/wp-content\/uploads\/2022\/07\/Obr_20220417_110008-300x225.jpg 300w, https:\/\/cukrarnakostomlaty.cz\/wp-content\/uploads\/2022\/07\/Obr_20220417_110008-768x576.jpg 768w\" sizes=\"(max-width: 1000px) 100vw, 1000px\" \/><\/a><figcaption class=\"blocks-gallery-item__caption\">Kol\u00e1\u010de<\/figcaption><\/figure><\/li><li class=\"blocks-gallery-item\"><figure><a href=\"https:\/\/cukrarnakostomlaty.cz\/wp-content\/uploads\/2022\/07\/Obr_20220604_065408.jpg\"><img loading=\"lazy\" width=\"1000\" height=\"750\" src=\"https:\/\/cukrarnakostomlaty.cz\/wp-content\/uploads\/2022\/07\/Obr_20220604_065408.jpg\" alt=\"\" data-id=\"1506\" data-full-url=\"https:\/\/cukrarnakostomlaty.cz\/wp-content\/uploads\/2022\/07\/Obr_20220604_065408.jpg\" data-link=\"https:\/\/cukrarnakostomlaty.cz\/?attachment_id=1506\" class=\"wp-image-1506 colorbox-32\" srcset=\"https:\/\/cukrarnakostomlaty.cz\/wp-content\/uploads\/2022\/07\/Obr_20220604_065408.jpg 1000w, https:\/\/cukrarnakostomlaty.cz\/wp-content\/uploads\/2022\/07\/Obr_20220604_065408-300x225.jpg 300w, https:\/\/cukrarnakostomlaty.cz\/wp-content\/uploads\/2022\/07\/Obr_20220604_065408-768x576.jpg 768w\" sizes=\"(max-width: 1000px) 100vw, 1000px\" \/><\/a><figcaption class=\"blocks-gallery-item__caption\">Svatebn\u00ed kol\u00e1\u010de<\/figcaption><\/figure><\/li><\/ul><\/figure>\n\n\n\n<figure class=\"wp-block-gallery columns-3 is-cropped\"><ul class=\"blocks-gallery-grid\"><li class=\"blocks-gallery-item\"><figure><img loading=\"lazy\" width=\"768\" height=\"1024\" src=\"http:\/\/cukrarnakostomlaty.cz\/wp-content\/uploads\/2021\/01\/Obr_20201022_102502-768x1024.jpg\" alt=\"\" data-id=\"1240\" data-full-url=\"http:\/\/cukrarnakostomlaty.cz\/wp-content\/uploads\/2021\/01\/Obr_20201022_102502.jpg\" data-link=\"http:\/\/cukrarnakostomlaty.cz\/?attachment_id=1240\" class=\"wp-image-1240 colorbox-32\" srcset=\"https:\/\/cukrarnakostomlaty.cz\/wp-content\/uploads\/2021\/01\/Obr_20201022_102502-768x1025.jpg 768w, https:\/\/cukrarnakostomlaty.cz\/wp-content\/uploads\/2021\/01\/Obr_20201022_102502-225x300.jpg 225w, https:\/\/cukrarnakostomlaty.cz\/wp-content\/uploads\/2021\/01\/Obr_20201022_102502.jpg 928w\" sizes=\"(max-width: 768px) 100vw, 768px\" \/><figcaption class=\"blocks-gallery-item__caption\">\u0158ep\u00e1nky<\/figcaption><\/figure><\/li><li class=\"blocks-gallery-item\"><figure><img loading=\"lazy\" width=\"768\" height=\"1024\" src=\"http:\/\/cukrarnakostomlaty.cz\/wp-content\/uploads\/2021\/01\/Obr_20201221_195500-768x1024.jpg\" alt=\"\" data-id=\"1256\" data-full-url=\"http:\/\/cukrarnakostomlaty.cz\/wp-content\/uploads\/2021\/01\/Obr_20201221_195500.jpg\" data-link=\"http:\/\/cukrarnakostomlaty.cz\/?attachment_id=1256\" class=\"wp-image-1256 colorbox-32\" srcset=\"https:\/\/cukrarnakostomlaty.cz\/wp-content\/uploads\/2021\/01\/Obr_20201221_195500-768x1024.jpg 768w, https:\/\/cukrarnakostomlaty.cz\/wp-content\/uploads\/2021\/01\/Obr_20201221_195500-225x300.jpg 225w, https:\/\/cukrarnakostomlaty.cz\/wp-content\/uploads\/2021\/01\/Obr_20201221_195500.jpg 899w\" sizes=\"(max-width: 768px) 100vw, 768px\" \/><figcaption class=\"blocks-gallery-item__caption\">V\u00e1no\u010dky<\/figcaption><\/figure><\/li><li class=\"blocks-gallery-item\"><figure><img loading=\"lazy\" width=\"768\" height=\"1024\" src=\"http:\/\/cukrarnakostomlaty.cz\/wp-content\/uploads\/2014\/06\/Obr_20200410_103326-768x1024.jpg\" alt=\"\" data-id=\"1076\" data-full-url=\"http:\/\/cukrarnakostomlaty.cz\/wp-content\/uploads\/2014\/06\/Obr_20200410_103326.jpg\" data-link=\"http:\/\/cukrarnakostomlaty.cz\/?attachment_id=1076\" class=\"wp-image-1076 colorbox-32\" srcset=\"https:\/\/cukrarnakostomlaty.cz\/wp-content\/uploads\/2014\/06\/Obr_20200410_103326-768x1024.jpg 768w, https:\/\/cukrarnakostomlaty.cz\/wp-content\/uploads\/2014\/06\/Obr_20200410_103326-225x300.jpg 225w, https:\/\/cukrarnakostomlaty.cz\/wp-content\/uploads\/2014\/06\/Obr_20200410_103326.jpg 1548w\" sizes=\"(max-width: 768px) 100vw, 768px\" \/><figcaption class=\"blocks-gallery-item__caption\">Mazance<\/figcaption><\/figure><\/li><li class=\"blocks-gallery-item\"><figure><img loading=\"lazy\" width=\"767\" height=\"1024\" src=\"http:\/\/cukrarnakostomlaty.cz\/wp-content\/uploads\/2014\/06\/PC112175-767x1024.jpg\" alt=\"\" data-id=\"514\" data-full-url=\"http:\/\/cukrarnakostomlaty.cz\/wp-content\/uploads\/2014\/06\/PC112175.jpg\" data-link=\"http:\/\/cukrarnakostomlaty.cz\/?attachment_id=514\" class=\"wp-image-514 colorbox-32\" srcset=\"https:\/\/cukrarnakostomlaty.cz\/wp-content\/uploads\/2014\/06\/PC112175-767x1024.jpg 767w, https:\/\/cukrarnakostomlaty.cz\/wp-content\/uploads\/2014\/06\/PC112175-224x300.jpg 224w, https:\/\/cukrarnakostomlaty.cz\/wp-content\/uploads\/2014\/06\/PC112175.jpg 1400w\" sizes=\"(max-width: 767px) 100vw, 767px\" \/><figcaption class=\"blocks-gallery-item__caption\">V\u00e1no\u010dky<\/figcaption><\/figure><\/li><li class=\"blocks-gallery-item\"><figure><img loading=\"lazy\" width=\"1024\" height=\"768\" src=\"http:\/\/cukrarnakostomlaty.cz\/wp-content\/uploads\/2014\/06\/mini-P4181575-1024x768.jpg\" alt=\"\" data-id=\"233\" data-full-url=\"http:\/\/cukrarnakostomlaty.cz\/wp-content\/uploads\/2014\/06\/mini-P4181575.jpg\" data-link=\"http:\/\/cukrarnakostomlaty.cz\/?attachment_id=233\" class=\"wp-image-233 colorbox-32\" srcset=\"https:\/\/cukrarnakostomlaty.cz\/wp-content\/uploads\/2014\/06\/mini-P4181575-1024x768.jpg 1024w, https:\/\/cukrarnakostomlaty.cz\/wp-content\/uploads\/2014\/06\/mini-P4181575-300x225.jpg 300w, https:\/\/cukrarnakostomlaty.cz\/wp-content\/uploads\/2014\/06\/mini-P4181575.jpg 1600w\" sizes=\"(max-width: 1024px) 100vw, 1024px\" \/><figcaption class=\"blocks-gallery-item__caption\">Mazanec<\/figcaption><\/figure><\/li><li class=\"blocks-gallery-item\"><figure><img loading=\"lazy\" width=\"1024\" height=\"768\" src=\"http:\/\/cukrarnakostomlaty.cz\/wp-content\/uploads\/2014\/06\/mini-PA191350-1024x768.jpg\" alt=\"\" data-id=\"234\" data-full-url=\"http:\/\/cukrarnakostomlaty.cz\/wp-content\/uploads\/2014\/06\/mini-PA191350.jpg\" data-link=\"http:\/\/cukrarnakostomlaty.cz\/?attachment_id=234\" class=\"wp-image-234 colorbox-32\" srcset=\"https:\/\/cukrarnakostomlaty.cz\/wp-content\/uploads\/2014\/06\/mini-PA191350-1024x768.jpg 1024w, https:\/\/cukrarnakostomlaty.cz\/wp-content\/uploads\/2014\/06\/mini-PA191350-300x225.jpg 300w, https:\/\/cukrarnakostomlaty.cz\/wp-content\/uploads\/2014\/06\/mini-PA191350.jpg 1600w\" sizes=\"(max-width: 1024px) 100vw, 1024px\" \/><figcaption class=\"blocks-gallery-item__caption\">Kol\u00e1\u010de<\/figcaption><\/figure><\/li><li class=\"blocks-gallery-item\"><figure><img loading=\"lazy\" width=\"1024\" height=\"768\" src=\"http:\/\/cukrarnakostomlaty.cz\/wp-content\/uploads\/2014\/06\/mini-PA191356-1024x768.jpg\" alt=\"\" data-id=\"235\" data-full-url=\"http:\/\/cukrarnakostomlaty.cz\/wp-content\/uploads\/2014\/06\/mini-PA191356.jpg\" data-link=\"http:\/\/cukrarnakostomlaty.cz\/?attachment_id=235\" class=\"wp-image-235 colorbox-32\" srcset=\"https:\/\/cukrarnakostomlaty.cz\/wp-content\/uploads\/2014\/06\/mini-PA191356-1024x768.jpg 1024w, https:\/\/cukrarnakostomlaty.cz\/wp-content\/uploads\/2014\/06\/mini-PA191356-300x225.jpg 300w, https:\/\/cukrarnakostomlaty.cz\/wp-content\/uploads\/2014\/06\/mini-PA191356.jpg 1600w\" sizes=\"(max-width: 1024px) 100vw, 1024px\" \/><figcaption class=\"blocks-gallery-item__caption\">V\u00e1no\u010dka<\/figcaption><\/figure><\/li><li class=\"blocks-gallery-item\"><figure><img loading=\"lazy\" width=\"1024\" height=\"768\" src=\"http:\/\/cukrarnakostomlaty.cz\/wp-content\/uploads\/2014\/06\/mini-Jable\u010dn\u00fd-z\u00e1vin-1024x768.jpg\" alt=\"\" data-id=\"232\" data-full-url=\"http:\/\/cukrarnakostomlaty.cz\/wp-content\/uploads\/2014\/06\/mini-Jable\u010dn\u00fd-z\u00e1vin.jpg\" data-link=\"http:\/\/cukrarnakostomlaty.cz\/?attachment_id=232\" class=\"wp-image-232 colorbox-32\" srcset=\"https:\/\/cukrarnakostomlaty.cz\/wp-content\/uploads\/2014\/06\/mini-Jable\u010dn\u00fd-z\u00e1vin-1024x768.jpg 1024w, https:\/\/cukrarnakostomlaty.cz\/wp-content\/uploads\/2014\/06\/mini-Jable\u010dn\u00fd-z\u00e1vin-300x225.jpg 300w, https:\/\/cukrarnakostomlaty.cz\/wp-content\/uploads\/2014\/06\/mini-Jable\u010dn\u00fd-z\u00e1vin.jpg 1600w\" sizes=\"(max-width: 1024px) 100vw, 1024px\" \/><figcaption class=\"blocks-gallery-item__caption\">Jable\u010dn\u00fd z\u00e1vin (nekynut\u00fd)<\/figcaption><\/figure><\/li><\/ul><\/figure>\n\n\n\n<figure class=\"wp-block-image size-large\"><img loading=\"lazy\" width=\"1000\" height=\"750\" src=\"http:\/\/cukrarnakostomlaty.cz\/wp-content\/uploads\/2021\/07\/Obr_20210703_092812.jpg\" alt=\"\" class=\"wp-image-1301 colorbox-32\" srcset=\"https:\/\/cukrarnakostomlaty.cz\/wp-content\/uploads\/2021\/07\/Obr_20210703_092812.jpg 1000w, https:\/\/cukrarnakostomlaty.cz\/wp-content\/uploads\/2021\/07\/Obr_20210703_092812-300x225.jpg 300w, https:\/\/cukrarnakostomlaty.cz\/wp-content\/uploads\/2021\/07\/Obr_20210703_092812-768x576.jpg 768w\" sizes=\"(max-width: 1000px) 100vw, 1000px\" \/><\/figure>\n","protected":false},"excerpt":{"rendered":"","protected":false},"author":1,"featured_media":0,"parent":0,"menu_order":0,"comment_status":"closed","ping_status":"open","template":"","meta":[],"_links":{"self":[{"href":"https:\/\/cukrarnakostomlaty.cz\/index.php?rest_route=\/wp\/v2\/pages\/32"}],"collection":[{"href":"https:\/\/cukrarnakostomlaty.cz\/index.php?rest_route=\/wp\/v2\/pages"}],"about":[{"href":"https:\/\/cukrarnakostomlaty.cz\/index.php?rest_route=\/wp\/v2\/types\/page"}],"author":[{"embeddable":true,"href":"https:\/\/cukrarnakostomlaty.cz\/index.php?rest_route=\/wp\/v2\/users\/1"}],"replies":[{"embeddable":true,"href":"https:\/\/cukrarnakostomlaty.cz\/index.php?rest_route=%2Fwp%2Fv2%2Fcomments&post=32"}],"version-history":[{"count":7,"href":"https:\/\/cukrarnakostomlaty.cz\/index.php?rest_route=\/wp\/v2\/pages\/32\/revisions"}],"predecessor-version":[{"id":1676,"href":"https:\/\/cukrarnakostomlaty.cz\/index.php?rest_route=\/wp\/v2\/pages\/32\/revisions\/1676"}],"wp:attachment":[{"href":"https:\/\/cukrarnakostomlaty.cz\/index.php?rest_route=%2Fwp%2Fv2%2Fmedia&parent=32"}],"curies":[{"name":"wp","href":"https:\/\/api.w.org\/{rel}","templated":true}]}}