{"id":30,"date":"2014-06-23T21:27:55","date_gmt":"2014-06-23T20:27:55","guid":{"rendered":"http:\/\/cukrarnakostomlaty.cz\/?page_id=30"},"modified":"2025-12-13T16:14:16","modified_gmt":"2025-12-13T15:14:16","slug":"cukrovi","status":"publish","type":"page","link":"https:\/\/cukrarnakostomlaty.cz\/?page_id=30","title":{"rendered":"Cukrov\u00ed"},"content":{"rendered":"<h1>\u00a0<\/h1>\n<h1 class=\"western\"><strong><span style=\"color: #800080;\"><span style=\"font-family: Verdana, sans-serif;\"><span style=\"font-size: large;\"><u><b>V\u00e1no\u010dn\u00ed cukrov\u00ed-sm\u011bs (pouze na objedn\u00e1vku)<\/b><\/u><\/span><\/span><\/span><\/strong><\/h1>\n<h3 class=\"western\" align=\"LEFT\"><span style=\"color: #800080;\"><span style=\"font-family: Verdana, sans-serif;\"><span style=\"font-size: medium;\">&#8211; Vanilkov\u00e9 rohl\u00ed\u010dky<\/span><\/span><\/span><\/h3>\n<h3 class=\"western\" align=\"LEFT\"><span style=\"color: #800080;\"><span style=\"font-family: Verdana, sans-serif;\"><span style=\"font-size: medium;\">&#8211; Kokosov\u00e1 srd\u00ed\u010dka, slepovan\u00e1 marmel\u00e1dou, cukrovan\u00e1<\/span><\/span><\/span><\/h3>\n<h3 class=\"western\" align=\"LEFT\"><span style=\"color: #800080;\"><span style=\"font-family: Verdana, sans-serif;\"><span style=\"font-size: medium;\">&#8211; Pln\u011bn\u00e9 o\u0159echy (slepovan\u00e9 b\u00edl\u00fdm kr\u00e9mem)<\/span><\/span><\/span><\/h3>\n<h3 class=\"western\" align=\"LEFT\"><span style=\"color: #800080;\"><span style=\"font-family: Verdana, sans-serif;\"><span style=\"font-size: medium;\">&#8211; Marok\u00e1nky<\/span><\/span><\/span><\/h3>\n<h3 class=\"western\" align=\"LEFT\"><span style=\"color: #800080;\"><span style=\"font-family: Verdana, sans-serif;\"><span style=\"font-size: medium;\">&#8211; Lineck\u00e9 slepovan\u00e9 marmel\u00e1dou<\/span><\/span><\/span><\/h3>\n<h3 class=\"western\" align=\"LEFT\"><span style=\"color: #800080;\"><span style=\"font-family: Verdana, sans-serif;\"><span style=\"font-size: medium;\">&#8211; \u010cokol\u00e1dov\u00e1 srd\u00ed\u010dka s \u010dokol\u00e1dov\u00fdm kr\u00e9mem (pol\u00e9van\u00e1 \u010dokol\u00e1dou)<\/span><\/span><\/span><\/h3>\n<h3 class=\"western\" align=\"LEFT\"><span style=\"color: #800080;\"><span style=\"font-family: Verdana, sans-serif;\"><span style=\"font-size: medium;\">&#8211; Pracny<\/span><\/span><\/span><\/h3>\n<h3 class=\"western\" align=\"LEFT\"><span style=\"color: #800080;\"><span style=\"font-family: Verdana, sans-serif;\"><span style=\"font-size: medium;\">&#8211; T\u0159en\u00e9 \u010dokol\u00e1dov\u00e9 ban\u00e1nky \u2013 (slepovan\u00e9 marmel\u00e1dou)<\/span><\/span><\/span><\/h3>\n<h3 class=\"western\" align=\"LEFT\"><span style=\"color: #800080;\"><span style=\"font-family: Verdana, sans-serif;\"><span style=\"font-size: medium;\">&#8211; Kokosky slepovan\u00e9 \u010dokol\u00e1dov\u00fdm kr\u00e9mem a marmel\u00e1dou<\/span><\/span><\/span><\/h3>\n<h3 class=\"western\" align=\"LEFT\"><span style=\"color: #800080;\"><span style=\"font-family: Verdana, sans-serif;\"><span style=\"font-size: medium;\">&#8211; Ko\u0161\u00ed\u010dky Isidor \u2013 (o\u0159echov\u00e1 n\u00e1divka + kr\u00e9m)<\/span><\/span><\/span><\/h3>\n<p align=\"LEFT\"><span style=\"color: #800080;\"><span style=\"font-family: Verdana, sans-serif;\"><span style=\"font-size: medium;\">&#8211; O\u0159echov\u00e9 kyti\u010dky s kr\u00e9mem (cukrovan\u00e9)<\/span><\/span><\/span><\/p>\n<p align=\"LEFT\"><span style=\"color: #800080;\"><span style=\"font-family: Verdana, sans-serif;\"><span style=\"font-size: medium;\"><span style=\"font-family: Verdana, Geneva, Arial, Helvetica, sans-serif;\">&#8211; Vos\u00ed hnizda<\/span><\/span><\/span><\/span><\/p>\n<h2 class=\"western\" align=\"LEFT\"><span style=\"color: #ff0000;\"><span style=\"font-family: Verdana, sans-serif;\"><span style=\"font-size: large;\"><b>Cena za 1kg &#8211; 910,-K\u010d <\/b><\/span><\/span><\/span><\/h2>\n<h3 class=\"western\" align=\"LEFT\">\u00a0<\/h3>\n<h3 class=\"western\" align=\"LEFT\"><span style=\"color: #631221;\"><span style=\"font-family: Verdana, sans-serif;\"><span style=\"font-size: large;\"><u><b><span style=\"color: #800080;\">Bezlepkov\u00e9 cukrov\u00ed<\/span><\/b><\/u><\/span><\/span><\/span><\/h3>\n<h3 class=\"western\" align=\"LEFT\"><span style=\"color: #800080;\">&#8211; O<span style=\"font-family: Verdana, Geneva, Arial, Helvetica, sans-serif;\"><span style=\"font-size: medium;\">\u0159echov\u00e9 rohl\u00ed\u010dky s kr\u00e9mem (pol\u00e9van\u00e9)<\/span><\/span><\/span><\/h3>\n<h3 class=\"western\" align=\"LEFT\"><span style=\"color: #800080;\">&#8211; S<span style=\"font-family: Verdana, Geneva, Arial, Helvetica, sans-serif;\"><span style=\"font-size: medium;\">lepovan\u00e9 lineck\u00e9 s marmel\u00e1dou<\/span><\/span><\/span><\/h3>\n<h3 class=\"western\" align=\"LEFT\"><span style=\"color: #800080;\">&#8211; V<span style=\"font-family: Verdana, Geneva, Arial, Helvetica, sans-serif;\"><span style=\"font-size: medium;\">anilkov\u00e9 rohl\u00ed\u010dky<\/span><\/span><\/span><\/h3>\n<h3 class=\"western\" align=\"LEFT\"><span style=\"color: #800080;\">&#8211; P<span style=\"font-family: Verdana, Geneva, Arial, Helvetica, sans-serif;\"><span style=\"font-size: medium;\">racny<\/span><\/span><\/span><\/h3>\n<h3 class=\"western\" align=\"LEFT\"><span style=\"color: #800080;\">&#8211; K<\/span><span style=\"color: #800080;\"><span style=\"font-family: Verdana, Geneva, Arial, Helvetica, sans-serif;\"><span style=\"font-size: medium;\">okosky s kr\u00e9mem (pol\u00e9van\u00e9)<\/span><\/span><\/span><\/h3>\n<h3 class=\"western\" align=\"LEFT\"><span style=\"color: #800080;\"><span style=\"font-family: Verdana, Geneva, Arial, Helvetica, sans-serif;\"><span style=\"font-size: medium;\">&#8211;<\/span><\/span><\/span><span style=\"color: #800080;\"> K<\/span><span style=\"color: #800080;\"><span style=\"font-family: Verdana, Geneva, Arial, Helvetica, sans-serif;\"><span style=\"font-size: medium;\">o\u0161\u00ed\u010dky Isidor (o\u0159echovka, kr\u00e9m, pol\u00e9van\u00e9)<\/span><\/span><\/span><\/h3>\n<h3 class=\"western\" align=\"LEFT\"><span style=\"color: #800080;\">&#8211; \u010c<\/span><span style=\"color: #800080;\"><span style=\"font-family: Verdana, Geneva, Arial, Helvetica, sans-serif;\"><span style=\"font-size: medium;\">okol\u00e1dov\u00e9 kyti\u010dky s marmel\u00e1dou<\/span><\/span><\/span><\/h3>\n<p align=\"LEFT\"><span style=\"color: #800080;\"><span style=\"font-family: Verdana, Geneva, Arial, Helvetica, sans-serif;\"><span style=\"font-size: medium;\">&#8211; O\u0159echov\u00e1 srd\u00ed\u010dka s kr\u00e9mem (cukrovan\u00e1)<\/span><\/span><\/span><\/p>\n<h3 class=\"western\" align=\"LEFT\"><span style=\"color: #ff0000;\"><span style=\"font-size: large;\"><b><span style=\"font-family: Verdana, Geneva, Arial, Helvetica, sans-serif;\">Cena za 1kg &#8211; 990,- K\u010d<\/span><\/b><\/span><\/span><\/h3>\n<h2 align=\"LEFT\">\u00a0<\/h2>\n<h2 class=\"western\" align=\"LEFT\"><span style=\"color: #800080;\"><span style=\"font-family: Verdana, sans-serif;\"><span style=\"font-size: large;\"><u><b>Vos\u00ed hn\u00edzda<\/b><\/u> <\/span><\/span><\/span><\/h2>\n<h2 class=\"western\" align=\"LEFT\"><span style=\"color: #800080;\"><span style=\"font-family: Verdana, Geneva, Arial, Helvetica, sans-serif;\"><span style=\"font-size: large;\"><span style=\"font-size: medium;\">&#8211; Vos\u00ed hn\u00edzda &#8211; cca.57ks na 1kg<\/span><\/span><\/span><\/span><\/h2>\n<h2 class=\"western\" align=\"LEFT\"><span style=\"color: #ff0000;\"><span style=\"font-family: Verdana, sans-serif;\"><span style=\"font-size: large;\"><b>Cena za 1kg &#8211; 910,-K\u010d <\/b><\/span><\/span><\/span><\/h2>\n<div id=\"attachment_1105\" style=\"width: 310px\" class=\"wp-caption alignnone\"><a href=\"http:\/\/cukrarnakostomlaty.cz\/wp-content\/uploads\/2014\/06\/Obr_PC203966.jpg\"><img aria-describedby=\"caption-attachment-1105\" loading=\"lazy\" class=\"wp-image-1105 size-medium colorbox-30\" src=\"http:\/\/cukrarnakostomlaty.cz\/wp-content\/uploads\/2014\/06\/Obr_PC203966-300x225.jpg\" alt=\"\" width=\"300\" height=\"225\" srcset=\"https:\/\/cukrarnakostomlaty.cz\/wp-content\/uploads\/2014\/06\/Obr_PC203966-300x225.jpg 300w, https:\/\/cukrarnakostomlaty.cz\/wp-content\/uploads\/2014\/06\/Obr_PC203966-768x576.jpg 768w, https:\/\/cukrarnakostomlaty.cz\/wp-content\/uploads\/2014\/06\/Obr_PC203966-1024x768.jpg 1024w\" sizes=\"(max-width: 300px) 100vw, 300px\" \/><\/a><p id=\"caption-attachment-1105\" class=\"wp-caption-text\">Bezlepkov\u00e9 cukrov\u00ed<\/p><\/div>\n<p><a href=\"http:\/\/cukrarnakostomlaty.cz\/wp-content\/uploads\/2014\/06\/mini-PA181335.jpg\"><img loading=\"lazy\" class=\"alignnone size-medium wp-image-225 colorbox-30\" src=\"http:\/\/cukrarnakostomlaty.cz\/wp-content\/uploads\/2014\/06\/mini-PA181335-300x225.jpg\" alt=\"mini-PA181335\" width=\"300\" height=\"225\" srcset=\"https:\/\/cukrarnakostomlaty.cz\/wp-content\/uploads\/2014\/06\/mini-PA181335-300x225.jpg 300w, https:\/\/cukrarnakostomlaty.cz\/wp-content\/uploads\/2014\/06\/mini-PA181335-1024x768.jpg 1024w, https:\/\/cukrarnakostomlaty.cz\/wp-content\/uploads\/2014\/06\/mini-PA181335.jpg 1600w\" sizes=\"(max-width: 300px) 100vw, 300px\" \/><\/a> <a href=\"http:\/\/cukrarnakostomlaty.cz\/wp-content\/uploads\/2014\/06\/mini-PA181336.jpg\"><img loading=\"lazy\" class=\"alignnone size-medium wp-image-226 colorbox-30\" src=\"http:\/\/cukrarnakostomlaty.cz\/wp-content\/uploads\/2014\/06\/mini-PA181336-300x225.jpg\" alt=\"mini-PA181336\" width=\"300\" height=\"225\" srcset=\"https:\/\/cukrarnakostomlaty.cz\/wp-content\/uploads\/2014\/06\/mini-PA181336-300x225.jpg 300w, https:\/\/cukrarnakostomlaty.cz\/wp-content\/uploads\/2014\/06\/mini-PA181336-1024x768.jpg 1024w, https:\/\/cukrarnakostomlaty.cz\/wp-content\/uploads\/2014\/06\/mini-PA181336.jpg 1600w\" sizes=\"(max-width: 300px) 100vw, 300px\" \/><\/a> <a href=\"http:\/\/cukrarnakostomlaty.cz\/wp-content\/uploads\/2014\/06\/mini-PA181338.jpg\"><img loading=\"lazy\" class=\"alignnone size-medium wp-image-228 colorbox-30\" src=\"http:\/\/cukrarnakostomlaty.cz\/wp-content\/uploads\/2014\/06\/mini-PA181338-300x225.jpg\" alt=\"mini-PA181338\" width=\"300\" height=\"225\" srcset=\"https:\/\/cukrarnakostomlaty.cz\/wp-content\/uploads\/2014\/06\/mini-PA181338-300x225.jpg 300w, https:\/\/cukrarnakostomlaty.cz\/wp-content\/uploads\/2014\/06\/mini-PA181338-1024x768.jpg 1024w, https:\/\/cukrarnakostomlaty.cz\/wp-content\/uploads\/2014\/06\/mini-PA181338.jpg 1600w\" sizes=\"(max-width: 300px) 100vw, 300px\" \/><\/a><\/p>\n\n\n<figure class=\"wp-block-gallery columns-3 is-cropped\"><ul class=\"blocks-gallery-grid\"><li class=\"blocks-gallery-item\"><figure><img loading=\"lazy\" width=\"768\" height=\"1024\" src=\"http:\/\/cukrarnakostomlaty.cz\/wp-content\/uploads\/2021\/01\/Obr_20201218_141517-768x1024.jpg\" alt=\"\" data-id=\"1255\" data-full-url=\"http:\/\/cukrarnakostomlaty.cz\/wp-content\/uploads\/2021\/01\/Obr_20201218_141517.jpg\" data-link=\"http:\/\/cukrarnakostomlaty.cz\/?attachment_id=1255\" class=\"wp-image-1255 colorbox-30\" srcset=\"https:\/\/cukrarnakostomlaty.cz\/wp-content\/uploads\/2021\/01\/Obr_20201218_141517-768x1024.jpg 768w, https:\/\/cukrarnakostomlaty.cz\/wp-content\/uploads\/2021\/01\/Obr_20201218_141517-225x300.jpg 225w, https:\/\/cukrarnakostomlaty.cz\/wp-content\/uploads\/2021\/01\/Obr_20201218_141517.jpg 899w\" sizes=\"(max-width: 768px) 100vw, 768px\" \/><\/figure><\/li><li class=\"blocks-gallery-item\"><figure><img loading=\"lazy\" width=\"768\" height=\"1024\" src=\"http:\/\/cukrarnakostomlaty.cz\/wp-content\/uploads\/2021\/01\/Obr_20201217_073606-768x1024.jpg\" alt=\"\" data-id=\"1254\" data-full-url=\"http:\/\/cukrarnakostomlaty.cz\/wp-content\/uploads\/2021\/01\/Obr_20201217_073606.jpg\" data-link=\"http:\/\/cukrarnakostomlaty.cz\/?attachment_id=1254\" class=\"wp-image-1254 colorbox-30\" srcset=\"https:\/\/cukrarnakostomlaty.cz\/wp-content\/uploads\/2021\/01\/Obr_20201217_073606-768x1024.jpg 768w, https:\/\/cukrarnakostomlaty.cz\/wp-content\/uploads\/2021\/01\/Obr_20201217_073606-225x300.jpg 225w, https:\/\/cukrarnakostomlaty.cz\/wp-content\/uploads\/2021\/01\/Obr_20201217_073606.jpg 899w\" sizes=\"(max-width: 768px) 100vw, 768px\" \/><\/figure><\/li><li class=\"blocks-gallery-item\"><figure><img loading=\"lazy\" width=\"1024\" height=\"768\" src=\"http:\/\/cukrarnakostomlaty.cz\/wp-content\/uploads\/2021\/01\/Obr_20201210_144800-1024x768.jpg\" alt=\"\" data-id=\"1250\" data-full-url=\"http:\/\/cukrarnakostomlaty.cz\/wp-content\/uploads\/2021\/01\/Obr_20201210_144800.jpg\" data-link=\"http:\/\/cukrarnakostomlaty.cz\/?attachment_id=1250\" class=\"wp-image-1250 colorbox-30\" srcset=\"https:\/\/cukrarnakostomlaty.cz\/wp-content\/uploads\/2021\/01\/Obr_20201210_144800-1024x768.jpg 1024w, https:\/\/cukrarnakostomlaty.cz\/wp-content\/uploads\/2021\/01\/Obr_20201210_144800-300x225.jpg 300w, https:\/\/cukrarnakostomlaty.cz\/wp-content\/uploads\/2021\/01\/Obr_20201210_144800-768x576.jpg 768w, https:\/\/cukrarnakostomlaty.cz\/wp-content\/uploads\/2021\/01\/Obr_20201210_144800.jpg 1199w\" sizes=\"(max-width: 1024px) 100vw, 1024px\" \/><\/figure><\/li><li class=\"blocks-gallery-item\"><figure><img loading=\"lazy\" width=\"768\" height=\"1024\" src=\"http:\/\/cukrarnakostomlaty.cz\/wp-content\/uploads\/2021\/01\/Obr_20201216_073844-768x1024.jpg\" alt=\"\" data-id=\"1252\" data-full-url=\"http:\/\/cukrarnakostomlaty.cz\/wp-content\/uploads\/2021\/01\/Obr_20201216_073844.jpg\" data-link=\"http:\/\/cukrarnakostomlaty.cz\/?attachment_id=1252\" class=\"wp-image-1252 colorbox-30\" srcset=\"https:\/\/cukrarnakostomlaty.cz\/wp-content\/uploads\/2021\/01\/Obr_20201216_073844-768x1024.jpg 768w, https:\/\/cukrarnakostomlaty.cz\/wp-content\/uploads\/2021\/01\/Obr_20201216_073844-225x300.jpg 225w, https:\/\/cukrarnakostomlaty.cz\/wp-content\/uploads\/2021\/01\/Obr_20201216_073844.jpg 899w\" sizes=\"(max-width: 768px) 100vw, 768px\" \/><\/figure><\/li><li class=\"blocks-gallery-item\"><figure><img loading=\"lazy\" width=\"1024\" height=\"768\" src=\"http:\/\/cukrarnakostomlaty.cz\/wp-content\/uploads\/2021\/01\/Obr_20201210_144808-1024x768.jpg\" alt=\"\" data-id=\"1251\" data-full-url=\"http:\/\/cukrarnakostomlaty.cz\/wp-content\/uploads\/2021\/01\/Obr_20201210_144808.jpg\" data-link=\"http:\/\/cukrarnakostomlaty.cz\/?attachment_id=1251\" class=\"wp-image-1251 colorbox-30\" srcset=\"https:\/\/cukrarnakostomlaty.cz\/wp-content\/uploads\/2021\/01\/Obr_20201210_144808-1024x768.jpg 1024w, https:\/\/cukrarnakostomlaty.cz\/wp-content\/uploads\/2021\/01\/Obr_20201210_144808-300x225.jpg 300w, https:\/\/cukrarnakostomlaty.cz\/wp-content\/uploads\/2021\/01\/Obr_20201210_144808-768x576.jpg 768w, https:\/\/cukrarnakostomlaty.cz\/wp-content\/uploads\/2021\/01\/Obr_20201210_144808.jpg 1199w\" sizes=\"(max-width: 1024px) 100vw, 1024px\" \/><\/figure><\/li><li class=\"blocks-gallery-item\"><figure><img loading=\"lazy\" width=\"1024\" height=\"768\" src=\"http:\/\/cukrarnakostomlaty.cz\/wp-content\/uploads\/2021\/01\/Obr_20201217_073332-1024x768.jpg\" alt=\"\" data-id=\"1253\" data-full-url=\"http:\/\/cukrarnakostomlaty.cz\/wp-content\/uploads\/2021\/01\/Obr_20201217_073332.jpg\" data-link=\"http:\/\/cukrarnakostomlaty.cz\/?attachment_id=1253\" class=\"wp-image-1253 colorbox-30\" srcset=\"https:\/\/cukrarnakostomlaty.cz\/wp-content\/uploads\/2021\/01\/Obr_20201217_073332-1024x768.jpg 1024w, https:\/\/cukrarnakostomlaty.cz\/wp-content\/uploads\/2021\/01\/Obr_20201217_073332-300x225.jpg 300w, https:\/\/cukrarnakostomlaty.cz\/wp-content\/uploads\/2021\/01\/Obr_20201217_073332-768x576.jpg 768w, https:\/\/cukrarnakostomlaty.cz\/wp-content\/uploads\/2021\/01\/Obr_20201217_073332.jpg 1199w\" sizes=\"(max-width: 1024px) 100vw, 1024px\" \/><figcaption class=\"blocks-gallery-item__caption\">Kokosky<\/figcaption><\/figure><\/li><\/ul><\/figure>\n\n\n\n<figure class=\"wp-block-gallery columns-3 is-cropped\"><ul class=\"blocks-gallery-grid\"><li class=\"blocks-gallery-item\"><figure><a href=\"https:\/\/cukrarnakostomlaty.cz\/wp-content\/uploads\/2024\/01\/20231130_091724.jpg\"><img loading=\"lazy\" width=\"1000\" height=\"750\" src=\"https:\/\/cukrarnakostomlaty.cz\/wp-content\/uploads\/2024\/01\/20231130_091724.jpg\" alt=\"\" data-id=\"1661\" data-full-url=\"https:\/\/cukrarnakostomlaty.cz\/wp-content\/uploads\/2024\/01\/20231130_091724.jpg\" data-link=\"https:\/\/cukrarnakostomlaty.cz\/?attachment_id=1661\" class=\"wp-image-1661 colorbox-30\" srcset=\"https:\/\/cukrarnakostomlaty.cz\/wp-content\/uploads\/2024\/01\/20231130_091724.jpg 1000w, https:\/\/cukrarnakostomlaty.cz\/wp-content\/uploads\/2024\/01\/20231130_091724-300x225.jpg 300w, https:\/\/cukrarnakostomlaty.cz\/wp-content\/uploads\/2024\/01\/20231130_091724-768x576.jpg 768w\" sizes=\"(max-width: 1000px) 100vw, 1000px\" \/><\/a><\/figure><\/li><li class=\"blocks-gallery-item\"><figure><a href=\"https:\/\/cukrarnakostomlaty.cz\/wp-content\/uploads\/2024\/01\/20231130_105818.jpg\"><img loading=\"lazy\" width=\"750\" height=\"1000\" src=\"https:\/\/cukrarnakostomlaty.cz\/wp-content\/uploads\/2024\/01\/20231130_105818.jpg\" alt=\"\" data-id=\"1662\" data-full-url=\"https:\/\/cukrarnakostomlaty.cz\/wp-content\/uploads\/2024\/01\/20231130_105818.jpg\" data-link=\"https:\/\/cukrarnakostomlaty.cz\/?attachment_id=1662\" class=\"wp-image-1662 colorbox-30\" srcset=\"https:\/\/cukrarnakostomlaty.cz\/wp-content\/uploads\/2024\/01\/20231130_105818.jpg 750w, https:\/\/cukrarnakostomlaty.cz\/wp-content\/uploads\/2024\/01\/20231130_105818-225x300.jpg 225w\" sizes=\"(max-width: 750px) 100vw, 750px\" \/><\/a><\/figure><\/li><li class=\"blocks-gallery-item\"><figure><a href=\"https:\/\/cukrarnakostomlaty.cz\/wp-content\/uploads\/2024\/01\/20231205_184902.jpg\"><img loading=\"lazy\" width=\"750\" height=\"1000\" src=\"https:\/\/cukrarnakostomlaty.cz\/wp-content\/uploads\/2024\/01\/20231205_184902.jpg\" alt=\"\" data-id=\"1663\" data-full-url=\"https:\/\/cukrarnakostomlaty.cz\/wp-content\/uploads\/2024\/01\/20231205_184902.jpg\" data-link=\"https:\/\/cukrarnakostomlaty.cz\/?attachment_id=1663\" class=\"wp-image-1663 colorbox-30\" srcset=\"https:\/\/cukrarnakostomlaty.cz\/wp-content\/uploads\/2024\/01\/20231205_184902.jpg 750w, https:\/\/cukrarnakostomlaty.cz\/wp-content\/uploads\/2024\/01\/20231205_184902-225x300.jpg 225w\" sizes=\"(max-width: 750px) 100vw, 750px\" \/><\/a><\/figure><\/li><li class=\"blocks-gallery-item\"><figure><a href=\"https:\/\/cukrarnakostomlaty.cz\/wp-content\/uploads\/2024\/01\/20231214_153852.jpg\"><img loading=\"lazy\" width=\"750\" height=\"1000\" src=\"https:\/\/cukrarnakostomlaty.cz\/wp-content\/uploads\/2024\/01\/20231214_153852.jpg\" alt=\"\" data-id=\"1664\" data-full-url=\"https:\/\/cukrarnakostomlaty.cz\/wp-content\/uploads\/2024\/01\/20231214_153852.jpg\" data-link=\"https:\/\/cukrarnakostomlaty.cz\/?attachment_id=1664\" class=\"wp-image-1664 colorbox-30\" srcset=\"https:\/\/cukrarnakostomlaty.cz\/wp-content\/uploads\/2024\/01\/20231214_153852.jpg 750w, https:\/\/cukrarnakostomlaty.cz\/wp-content\/uploads\/2024\/01\/20231214_153852-225x300.jpg 225w\" sizes=\"(max-width: 750px) 100vw, 750px\" \/><\/a><\/figure><\/li><li class=\"blocks-gallery-item\"><figure><a href=\"https:\/\/cukrarnakostomlaty.cz\/wp-content\/uploads\/2024\/01\/20231221_100856.jpg\"><img loading=\"lazy\" width=\"750\" height=\"1000\" src=\"https:\/\/cukrarnakostomlaty.cz\/wp-content\/uploads\/2024\/01\/20231221_100856.jpg\" alt=\"\" data-id=\"1666\" data-full-url=\"https:\/\/cukrarnakostomlaty.cz\/wp-content\/uploads\/2024\/01\/20231221_100856.jpg\" data-link=\"https:\/\/cukrarnakostomlaty.cz\/?attachment_id=1666\" class=\"wp-image-1666 colorbox-30\" srcset=\"https:\/\/cukrarnakostomlaty.cz\/wp-content\/uploads\/2024\/01\/20231221_100856.jpg 750w, https:\/\/cukrarnakostomlaty.cz\/wp-content\/uploads\/2024\/01\/20231221_100856-225x300.jpg 225w\" sizes=\"(max-width: 750px) 100vw, 750px\" \/><\/a><\/figure><\/li><li class=\"blocks-gallery-item\"><figure><a href=\"https:\/\/cukrarnakostomlaty.cz\/wp-content\/uploads\/2024\/01\/20231221_101820.jpg\"><img loading=\"lazy\" width=\"750\" height=\"1000\" src=\"https:\/\/cukrarnakostomlaty.cz\/wp-content\/uploads\/2024\/01\/20231221_101820.jpg\" alt=\"\" data-id=\"1667\" data-full-url=\"https:\/\/cukrarnakostomlaty.cz\/wp-content\/uploads\/2024\/01\/20231221_101820.jpg\" data-link=\"https:\/\/cukrarnakostomlaty.cz\/?attachment_id=1667\" class=\"wp-image-1667 colorbox-30\" srcset=\"https:\/\/cukrarnakostomlaty.cz\/wp-content\/uploads\/2024\/01\/20231221_101820.jpg 750w, https:\/\/cukrarnakostomlaty.cz\/wp-content\/uploads\/2024\/01\/20231221_101820-225x300.jpg 225w\" sizes=\"(max-width: 750px) 100vw, 750px\" \/><\/a><\/figure><\/li><li class=\"blocks-gallery-item\"><figure><a href=\"https:\/\/cukrarnakostomlaty.cz\/wp-content\/uploads\/2024\/01\/20231221_122649.jpg\"><img loading=\"lazy\" width=\"1000\" height=\"750\" src=\"https:\/\/cukrarnakostomlaty.cz\/wp-content\/uploads\/2024\/01\/20231221_122649.jpg\" alt=\"\" data-id=\"1668\" data-full-url=\"https:\/\/cukrarnakostomlaty.cz\/wp-content\/uploads\/2024\/01\/20231221_122649.jpg\" data-link=\"https:\/\/cukrarnakostomlaty.cz\/?attachment_id=1668\" class=\"wp-image-1668 colorbox-30\" srcset=\"https:\/\/cukrarnakostomlaty.cz\/wp-content\/uploads\/2024\/01\/20231221_122649.jpg 1000w, https:\/\/cukrarnakostomlaty.cz\/wp-content\/uploads\/2024\/01\/20231221_122649-300x225.jpg 300w, https:\/\/cukrarnakostomlaty.cz\/wp-content\/uploads\/2024\/01\/20231221_122649-768x576.jpg 768w\" sizes=\"(max-width: 1000px) 100vw, 1000px\" \/><\/a><\/figure><\/li><li class=\"blocks-gallery-item\"><figure><a href=\"https:\/\/cukrarnakostomlaty.cz\/wp-content\/uploads\/2024\/01\/FB_IMG_1700932326863.jpg\"><img loading=\"lazy\" width=\"720\" height=\"960\" src=\"https:\/\/cukrarnakostomlaty.cz\/wp-content\/uploads\/2024\/01\/FB_IMG_1700932326863.jpg\" alt=\"\" data-id=\"1669\" data-full-url=\"https:\/\/cukrarnakostomlaty.cz\/wp-content\/uploads\/2024\/01\/FB_IMG_1700932326863.jpg\" data-link=\"https:\/\/cukrarnakostomlaty.cz\/?attachment_id=1669\" class=\"wp-image-1669 colorbox-30\" srcset=\"https:\/\/cukrarnakostomlaty.cz\/wp-content\/uploads\/2024\/01\/FB_IMG_1700932326863.jpg 720w, https:\/\/cukrarnakostomlaty.cz\/wp-content\/uploads\/2024\/01\/FB_IMG_1700932326863-225x300.jpg 225w\" sizes=\"(max-width: 720px) 100vw, 720px\" \/><\/a><\/figure><\/li><\/ul><\/figure>\n","protected":false},"excerpt":{"rendered":"<p>\u00a0 V\u00e1no\u010dn\u00ed cukrov\u00ed-sm\u011bs (pouze na objedn\u00e1vku) &#8211; Vanilkov\u00e9 rohl\u00ed\u010dky &#8211; Kokosov\u00e1 srd\u00ed\u010dka, slepovan\u00e1 marmel\u00e1dou, cukrovan\u00e1 &#8211; Pln\u011bn\u00e9 o\u0159echy (slepovan\u00e9 b\u00edl\u00fdm kr\u00e9mem) &#8211; Marok\u00e1nky &#8211; Lineck\u00e9 slepovan\u00e9 marmel\u00e1dou &#8211; \u010cokol\u00e1dov\u00e1 srd\u00ed\u010dka s \u010dokol\u00e1dov\u00fdm kr\u00e9mem (pol\u00e9van\u00e1 \u010dokol\u00e1dou) &#8211; Pracny &#8211; T\u0159en\u00e9 \u010dokol\u00e1dov\u00e9 ban\u00e1nky \u2013 (slepovan\u00e9 marmel\u00e1dou) &#8211; Kokosky slepovan\u00e9 \u010dokol\u00e1dov\u00fdm kr\u00e9mem a marmel\u00e1dou &#8211; Ko\u0161\u00ed\u010dky Isidor \u2013 [&hellip;]<\/p>\n","protected":false},"author":1,"featured_media":0,"parent":0,"menu_order":0,"comment_status":"closed","ping_status":"open","template":"","meta":[],"_links":{"self":[{"href":"https:\/\/cukrarnakostomlaty.cz\/index.php?rest_route=\/wp\/v2\/pages\/30"}],"collection":[{"href":"https:\/\/cukrarnakostomlaty.cz\/index.php?rest_route=\/wp\/v2\/pages"}],"about":[{"href":"https:\/\/cukrarnakostomlaty.cz\/index.php?rest_route=\/wp\/v2\/types\/page"}],"author":[{"embeddable":true,"href":"https:\/\/cukrarnakostomlaty.cz\/index.php?rest_route=\/wp\/v2\/users\/1"}],"replies":[{"embeddable":true,"href":"https:\/\/cukrarnakostomlaty.cz\/index.php?rest_route=%2Fwp%2Fv2%2Fcomments&post=30"}],"version-history":[{"count":38,"href":"https:\/\/cukrarnakostomlaty.cz\/index.php?rest_route=\/wp\/v2\/pages\/30\/revisions"}],"predecessor-version":[{"id":1803,"href":"https:\/\/cukrarnakostomlaty.cz\/index.php?rest_route=\/wp\/v2\/pages\/30\/revisions\/1803"}],"wp:attachment":[{"href":"https:\/\/cukrarnakostomlaty.cz\/index.php?rest_route=%2Fwp%2Fv2%2Fmedia&parent=30"}],"curies":[{"name":"wp","href":"https:\/\/api.w.org\/{rel}","templated":true}]}}