{"id":10,"date":"2014-06-23T21:23:16","date_gmt":"2014-06-23T20:23:16","guid":{"rendered":"http:\/\/cukrarnakostomlaty.cz\/?page_id=10"},"modified":"2021-12-17T07:39:34","modified_gmt":"2021-12-17T06:39:34","slug":"objednavky","status":"publish","type":"page","link":"https:\/\/cukrarnakostomlaty.cz\/?page_id=10","title":{"rendered":"Objedn\u00e1vky"},"content":{"rendered":"<p style=\"text-align: center;\">Objedn\u00e1vky je mo\u017en\u00e9 zaslat elektronickou po\u0161tou na adresu <a href=\"mailto:info@cukrarnakostomlaty.cz\">info@cukrarnakostomlaty.cz<br \/>\n<\/a>nebo n\u00e1s kontaktujte p\u0159\u00edmo ne tel. \u010d\u00edsle <strong>+420 606 346 592<\/strong><\/p>\n<p>&nbsp;<\/p>\n<p>&nbsp;<\/p>\n","protected":false},"excerpt":{"rendered":"<p>Objedn\u00e1vky je mo\u017en\u00e9 zaslat elektronickou po\u0161tou na adresu info@cukrarnakostomlaty.cz nebo n\u00e1s kontaktujte p\u0159\u00edmo ne tel. \u010d\u00edsle +420 606 346 592 &nbsp; &nbsp;<\/p>\n","protected":false},"author":1,"featured_media":0,"parent":0,"menu_order":0,"comment_status":"closed","ping_status":"open","template":"","meta":[],"_links":{"self":[{"href":"https:\/\/cukrarnakostomlaty.cz\/index.php?rest_route=\/wp\/v2\/pages\/10"}],"collection":[{"href":"https:\/\/cukrarnakostomlaty.cz\/index.php?rest_route=\/wp\/v2\/pages"}],"about":[{"href":"https:\/\/cukrarnakostomlaty.cz\/index.php?rest_route=\/wp\/v2\/types\/page"}],"author":[{"embeddable":true,"href":"https:\/\/cukrarnakostomlaty.cz\/index.php?rest_route=\/wp\/v2\/users\/1"}],"replies":[{"embeddable":true,"href":"https:\/\/cukrarnakostomlaty.cz\/index.php?rest_route=%2Fwp%2Fv2%2Fcomments&post=10"}],"version-history":[{"count":5,"href":"https:\/\/cukrarnakostomlaty.cz\/index.php?rest_route=\/wp\/v2\/pages\/10\/revisions"}],"predecessor-version":[{"id":720,"href":"https:\/\/cukrarnakostomlaty.cz\/index.php?rest_route=\/wp\/v2\/pages\/10\/revisions\/720"}],"wp:attachment":[{"href":"https:\/\/cukrarnakostomlaty.cz\/index.php?rest_route=%2Fwp%2Fv2%2Fmedia&parent=10"}],"curies":[{"name":"wp","href":"https:\/\/api.w.org\/{rel}","templated":true}]}}